{"id":340,"date":"2018-04-20T09:38:09","date_gmt":"2018-04-20T07:38:09","guid":{"rendered":"https:\/\/www.vural.sk\/?page_id=340"},"modified":"2018-04-20T09:38:09","modified_gmt":"2018-04-20T07:38:09","slug":"products","status":"publish","type":"page","link":"https:\/\/www.vural.sk\/en\/products\/","title":{"rendered":"Products"},"content":{"rendered":"<div class=\"fusion-fullwidth fullwidth-box fusion-builder-row-1 nonhundred-percent-fullwidth non-hundred-percent-height-scrolling\" style=\"--awb-border-radius-top-left:0px;--awb-border-radius-top-right:0px;--awb-border-radius-bottom-right:0px;--awb-border-radius-bottom-left:0px;--awb-flex-wrap:wrap;\" ><div class=\"fusion-builder-row fusion-row\"><div class=\"fusion-layout-column fusion_builder_column fusion-builder-column-0 fusion_builder_column_1_1 1_1 fusion-one-full fusion-column-first fusion-column-last\" style=\"--awb-bg-size:cover;\"><div class=\"fusion-column-wrapper fusion-flex-column-wrapper-legacy\"><div class=\"fusion-title title fusion-title-1 fusion-sep-none fusion-title-text fusion-title-size-two\"><h2 class=\"fusion-title-heading title-heading-left\" style=\"margin:0;\">PRODUCTS<\/h2><\/div><div class=\"fusion-text fusion-text-1\"><p>VURAL company\u2019s goal is to provide customers with a complete service in all major areas of production. It begins with design, through construction and up to the actual production of the product according to defined customer needs. The production is commonly carried out according to the customer&#8217;s product documentation and on the basis of its specific requirements.<\/p>\n<\/div><div class=\"fusion-sep-clear\"><\/div><div class=\"fusion-separator fusion-full-width-sep\" style=\"margin-left: auto;margin-right: auto;margin-top:20px;margin-bottom:40px;width:100%;\"><div class=\"fusion-separator-border sep-single sep-solid\" style=\"--awb-height:20px;--awb-amount:20px;border-color:#e0dede;border-top-width:2px;\"><\/div><\/div><div class=\"fusion-sep-clear\"><\/div><div class=\"fusion-builder-row fusion-builder-row-inner fusion-row\"><div class=\"fusion-layout-column fusion_builder_column_inner fusion-builder-nested-column-0 fusion_builder_column_inner_1_2 1_2 fusion-one-half fusion-column-first\" style=\"--awb-bg-size:cover;width:50%;width:calc(50% - ( ( 4% ) * 0.5 ) );margin-right: 4%;\"><div class=\"fusion-column-wrapper fusion-flex-column-wrapper-legacy\"><div class=\"fusion-image-element fusion-image-align-center in-legacy-container\" style=\"text-align:center;--awb-caption-title-font-family:var(--h2_typography-font-family);--awb-caption-title-font-weight:var(--h2_typography-font-weight);--awb-caption-title-font-style:var(--h2_typography-font-style);--awb-caption-title-size:var(--h2_typography-font-size);--awb-caption-title-transform:var(--h2_typography-text-transform);--awb-caption-title-line-height:var(--h2_typography-line-height);--awb-caption-title-letter-spacing:var(--h2_typography-letter-spacing);\"><div class=\"imageframe-align-center\"><span class=\" fusion-imageframe imageframe-none imageframe-1 hover-type-none\"><img decoding=\"async\" width=\"290\" height=\"120\" title=\"1\" src=\"https:\/\/www.vural.sk\/wp-content\/uploads\/2018\/04\/1.jpg\" alt class=\"img-responsive wp-image-153\" srcset=\"https:\/\/www.vural.sk\/wp-content\/uploads\/2018\/04\/1-200x83.jpg 200w, https:\/\/www.vural.sk\/wp-content\/uploads\/2018\/04\/1.jpg 290w\" sizes=\"(max-width: 800px) 100vw, 290px\" \/><\/span><\/div><\/div><div class=\"fusion-title title fusion-title-2 fusion-sep-none fusion-title-text fusion-title-size-three\" style=\"--awb-margin-top:15px;--awb-margin-bottom:15px;\"><h3 class=\"fusion-title-heading title-heading-left\" style=\"margin:0;\">SHEET METAL AND PLASTIC COMPONENTS<\/h3><\/div><div class=\"fusion-text fusion-text-2\"><p style=\"text-align: justify;\">Production of sophisticated technical sheet metal pressings using flat forming technologies on mechanical and hydraulic presses. Plastic component production is focused on the sequential supply of components moulded from thermoplastics.<\/p>\n<\/div><div class=\"fusion-button-wrapper\"><a class=\"fusion-button button-flat button-small button-default fusion-button-default button-1 fusion-button-default-span fusion-button-default-type\" target=\"_self\" href=\"\/en\/products\/sheet-metal-and-plastic-components\/\"><span class=\"fusion-button-text awb-button__text awb-button__text--default\">More information<\/span><i class=\" fa fa-chevron-right awb-button__icon awb-button__icon--default button-icon-right\" aria-hidden=\"true\"><\/i><\/a><\/div><div class=\"fusion-clearfix\"><\/div><\/div><\/div><div class=\"fusion-layout-column fusion_builder_column_inner fusion-builder-nested-column-1 fusion_builder_column_inner_1_2 1_2 fusion-one-half fusion-column-last\" style=\"--awb-bg-size:cover;width:50%;width:calc(50% - ( ( 4% ) * 0.5 ) );\"><div class=\"fusion-column-wrapper fusion-flex-column-wrapper-legacy\"><div class=\"fusion-image-element fusion-image-align-center in-legacy-container\" style=\"text-align:center;--awb-caption-title-font-family:var(--h2_typography-font-family);--awb-caption-title-font-weight:var(--h2_typography-font-weight);--awb-caption-title-font-style:var(--h2_typography-font-style);--awb-caption-title-size:var(--h2_typography-font-size);--awb-caption-title-transform:var(--h2_typography-text-transform);--awb-caption-title-line-height:var(--h2_typography-line-height);--awb-caption-title-letter-spacing:var(--h2_typography-letter-spacing);\"><div class=\"imageframe-align-center\"><span class=\" fusion-imageframe imageframe-none imageframe-2 hover-type-none\"><img decoding=\"async\" width=\"290\" height=\"120\" title=\"2\" src=\"https:\/\/www.vural.sk\/wp-content\/uploads\/2018\/04\/2.jpg\" alt class=\"img-responsive wp-image-156\" srcset=\"https:\/\/www.vural.sk\/wp-content\/uploads\/2018\/04\/2-200x83.jpg 200w, https:\/\/www.vural.sk\/wp-content\/uploads\/2018\/04\/2.jpg 290w\" sizes=\"(max-width: 800px) 100vw, 290px\" \/><\/span><\/div><\/div><div class=\"fusion-title title fusion-title-3 fusion-sep-none fusion-title-text fusion-title-size-three\" style=\"--awb-margin-top:15px;--awb-margin-bottom:15px;\"><h3 class=\"fusion-title-heading title-heading-left\" style=\"margin:0;\">MACHINES, EQUIPMENT, TOOLS<\/h3><\/div><div class=\"fusion-text fusion-text-3\"><p style=\"text-align: justify;\">The design and manufacture of single-purpose machinery for customer-defined applications. special tools, fixtures and gauge manufacturing based on our own design or customer\u2019s documentation.<\/p>\n<\/div><div class=\"fusion-button-wrapper\"><a class=\"fusion-button button-flat button-small button-default fusion-button-default button-2 fusion-button-default-span fusion-button-default-type\" target=\"_self\" href=\"\/en\/products\/machines-equipment-tools\/\"><span class=\"fusion-button-text awb-button__text awb-button__text--default\">More information<\/span><i class=\" fa fa-chevron-right awb-button__icon awb-button__icon--default button-icon-right\" aria-hidden=\"true\"><\/i><\/a><\/div><div class=\"fusion-clearfix\"><\/div><\/div><\/div><\/div><div class=\"fusion-clearfix\"><\/div><\/div><\/div><\/div><\/div>\n","protected":false},"excerpt":{"rendered":"","protected":false},"author":1,"featured_media":0,"parent":0,"menu_order":0,"comment_status":"closed","ping_status":"closed","template":"","meta":{"footnotes":""},"class_list":["post-340","page","type-page","status-publish","hentry"],"yoast_head":"<!-- This site is optimized with the Yoast SEO plugin v25.2 - https:\/\/yoast.com\/wordpress\/plugins\/seo\/ -->\n<title>Products - Vural<\/title>\n<meta name=\"robots\" content=\"index, follow, max-snippet:-1, max-image-preview:large, max-video-preview:-1\" \/>\n<link rel=\"canonical\" href=\"https:\/\/www.vural.sk\/en\/products\/\" \/>\n<meta property=\"og:locale\" content=\"en_US\" \/>\n<meta property=\"og:type\" content=\"article\" \/>\n<meta property=\"og:title\" content=\"Products - Vural\" \/>\n<meta property=\"og:url\" content=\"https:\/\/www.vural.sk\/en\/products\/\" \/>\n<meta property=\"og:site_name\" content=\"Vural\" \/>\n<meta name=\"twitter:card\" content=\"summary_large_image\" \/>\n<meta name=\"twitter:label1\" content=\"Est. reading time\" \/>\n\t<meta name=\"twitter:data1\" content=\"4 minutes\" \/>\n<!-- \/ Yoast SEO plugin. -->","yoast_head_json":{"title":"Products - Vural","robots":{"index":"index","follow":"follow","max-snippet":"max-snippet:-1","max-image-preview":"max-image-preview:large","max-video-preview":"max-video-preview:-1"},"canonical":"https:\/\/www.vural.sk\/en\/products\/","og_locale":"en_US","og_type":"article","og_title":"Products - Vural","og_url":"https:\/\/www.vural.sk\/en\/products\/","og_site_name":"Vural","twitter_card":"summary_large_image","twitter_misc":{"Est. reading time":"4 minutes"},"schema":{"@context":"https:\/\/schema.org","@graph":[{"@type":"WebPage","@id":"https:\/\/www.vural.sk\/en\/products\/","url":"https:\/\/www.vural.sk\/en\/products\/","name":"Products - Vural","isPartOf":{"@id":"https:\/\/www.vural.sk\/#website"},"datePublished":"2018-04-20T07:38:09+00:00","breadcrumb":{"@id":"https:\/\/www.vural.sk\/en\/products\/#breadcrumb"},"inLanguage":"en-US","potentialAction":[{"@type":"ReadAction","target":["https:\/\/www.vural.sk\/en\/products\/"]}]},{"@type":"BreadcrumbList","@id":"https:\/\/www.vural.sk\/en\/products\/#breadcrumb","itemListElement":[{"@type":"ListItem","position":1,"name":"Home","item":"https:\/\/www.vural.sk\/en\/"},{"@type":"ListItem","position":2,"name":"Products"}]},{"@type":"WebSite","@id":"https:\/\/www.vural.sk\/#website","url":"https:\/\/www.vural.sk\/","name":"Vural","description":"Komponenty z plechu a plastu &amp; stroje a zariadenia, \u0161peci\u00e1lne n\u00e1radie - v\u00fdvoj, kon\u0161trukcia a v\u00fdroba | VURAL","potentialAction":[{"@type":"SearchAction","target":{"@type":"EntryPoint","urlTemplate":"https:\/\/www.vural.sk\/?s={search_term_string}"},"query-input":{"@type":"PropertyValueSpecification","valueRequired":true,"valueName":"search_term_string"}}],"inLanguage":"en-US"}]}},"_links":{"self":[{"href":"https:\/\/www.vural.sk\/en\/wp-json\/wp\/v2\/pages\/340","targetHints":{"allow":["GET"]}}],"collection":[{"href":"https:\/\/www.vural.sk\/en\/wp-json\/wp\/v2\/pages"}],"about":[{"href":"https:\/\/www.vural.sk\/en\/wp-json\/wp\/v2\/types\/page"}],"author":[{"embeddable":true,"href":"https:\/\/www.vural.sk\/en\/wp-json\/wp\/v2\/users\/1"}],"replies":[{"embeddable":true,"href":"https:\/\/www.vural.sk\/en\/wp-json\/wp\/v2\/comments?post=340"}],"version-history":[{"count":3,"href":"https:\/\/www.vural.sk\/en\/wp-json\/wp\/v2\/pages\/340\/revisions"}],"predecessor-version":[{"id":343,"href":"https:\/\/www.vural.sk\/en\/wp-json\/wp\/v2\/pages\/340\/revisions\/343"}],"wp:attachment":[{"href":"https:\/\/www.vural.sk\/en\/wp-json\/wp\/v2\/media?parent=340"}],"curies":[{"name":"wp","href":"https:\/\/api.w.org\/{rel}","templated":true}]}}