{"id":334,"date":"2018-04-19T21:57:22","date_gmt":"2018-04-19T19:57:22","guid":{"rendered":"https:\/\/www.vural.sk\/?page_id=334"},"modified":"2019-11-19T17:48:26","modified_gmt":"2019-11-19T16:48:26","slug":"contacts","status":"publish","type":"page","link":"https:\/\/www.vural.sk\/en\/contacts\/","title":{"rendered":"Contacts"},"content":{"rendered":"<p><div class=\"fusion-fullwidth fullwidth-box fusion-builder-row-1 hundred-percent-fullwidth non-hundred-percent-height-scrolling\" style=\"--awb-border-radius-top-left:0px;--awb-border-radius-top-right:0px;--awb-border-radius-bottom-right:0px;--awb-border-radius-bottom-left:0px;--awb-padding-right:0px;--awb-padding-left:0px;--awb-flex-wrap:wrap;\" ><div class=\"fusion-builder-row fusion-row\"><div class=\"fusion-layout-column fusion_builder_column fusion-builder-column-0 fusion_builder_column_1_1 1_1 fusion-one-full fusion-column-first fusion-column-last\" style=\"--awb-bg-size:cover;\"><div class=\"fusion-column-wrapper fusion-flex-column-wrapper-legacy\">\t\t\t\t\t<script type=\"text\/javascript\">\n\t\t\t\t\t\tvar map_fusion_map_69e17ee6bdbdd;\n\t\t\t\t\t\tvar markers = [];\n\t\t\t\t\t\tvar counter = 0;\n\t\t\t\t\t\t\t\t\t\t\t\t\t\t\t\t\t\t\t\tvar fusionMapNonce = 'c469fcd540';\n\t\t\t\t\t\t\t\t\t\t\t\tfunction fusion_run_map_fusion_map_69e17ee6bdbdd() {\n\t\t\t\t\t\t\tjQuery('#fusion_map_69e17ee6bdbdd').fusion_maps({\n\t\t\t\t\t\t\t\taddresses: [{\"address\":\"Alexandra Rudnaya 23, 010 01 \\u017dilina \",\"infobox_content\":\"\",\"marker\":\"\\\/wp-content\\\/uploads\\\/2018\\\/04\\\/vural-image.png\",\"coordinates\":false,\"cache\":true,\"latitude\":\"49.2112803\",\"longitude\":\"18.740533899999946\"},{\"address\":\" Hrabov\\u00e9 66, 014 01 Byt\\u010da \",\"infobox_content\":\" Hrabov\\u00e9 66, 014 01 Byt\\u010da \",\"marker\":\"\\\/wp-content\\\/uploads\\\/2018\\\/04\\\/vural-image.png\",\"coordinates\":false,\"cache\":true,\"latitude\":\"49.2103387\",\"longitude\":\"18.560430099999962\"},{\"address\":\" \\u0160trkov\\u00e1 ulica 40\\\/ 532, 010 01 \\u017dilina\",\"infobox_content\":\" \\u0160trkov\\u00e1 ulica 40\\\/ 532, 010 01 \\u017dilina\",\"marker\":\"\\\/wp-content\\\/uploads\\\/2018\\\/04\\\/vural-image.png\",\"coordinates\":false,\"cache\":true,\"latitude\":\"49.19079110000001\",\"longitude\":\"18.72526659999994\"}],\n\t\t\t\t\t\t\t\tanimations: false,\n\t\t\t\t\t\t\t\tinfobox_background_color: '',\n\t\t\t\t\t\t\t\tinfobox_styling: 'default',\n\t\t\t\t\t\t\t\tinfobox_text_color: '',\n\t\t\t\t\t\t\t\tmap_style: 'custom',\n\t\t\t\t\t\t\t\tmap_type: 'roadmap',\n\t\t\t\t\t\t\t\tmarker_icon: '\/wp-content\/uploads\/2018\/04\/vural-image.png',\n\t\t\t\t\t\t\t\toverlay_color: '',\n\t\t\t\t\t\t\t\toverlay_color_hsl: {\"hue\":0,\"sat\":0,\"lum\":100},\n\t\t\t\t\t\t\t\tshow_address: false,\n\t\t\t\t\t\t\t\tscale_control: true,\n\t\t\t\t\t\t\t\tscrollwheel: false,\n\t\t\t\t\t\t\t\tzoom: 12,\n\t\t\t\t\t\t\t\tzoom_control: true,\n\t\t\t\t\t\t\t});\n\t\t\t\t\t\t}\n\n\t\t\t\t\t\tgoogle.maps.event.addDomListener(window, 'load', fusion_run_map_fusion_map_69e17ee6bdbdd);\n\t\t\t\t\t<\/script>\n\t\t\t\t\t<div class=\"shortcode-map fusion-google-map fusion-maps-js-type\" style=\"--awb-height:400px;\" id=\"fusion_map_69e17ee6bdbdd\"><\/div><div class=\"fusion-clearfix\"><\/div><\/div><\/div><\/div><\/div><div class=\"fusion-fullwidth fullwidth-box fusion-builder-row-2 nonhundred-percent-fullwidth non-hundred-percent-height-scrolling\" style=\"--awb-border-radius-top-left:0px;--awb-border-radius-top-right:0px;--awb-border-radius-bottom-right:0px;--awb-border-radius-bottom-left:0px;--awb-padding-top:40px;--awb-flex-wrap:wrap;\" ><div class=\"fusion-builder-row fusion-row\"><div class=\"fusion-layout-column fusion_builder_column fusion-builder-column-1 fusion_builder_column_2_5 2_5 fusion-two-fifth fusion-column-first\" style=\"--awb-bg-size:cover;width:40%;width:calc(40% - ( ( 4% ) * 0.4 ) );margin-right: 4%;\"><div class=\"fusion-column-wrapper fusion-flex-column-wrapper-legacy\"><div class=\"fusion-title title fusion-title-1 fusion-sep-none fusion-title-text fusion-title-size-two\"><h2 class=\"fusion-title-heading title-heading-left\" style=\"margin:0;\">LEAVE US A MESSAGE<\/h2><\/div><div class=\"fusion-text fusion-text-1\">\n<div class=\"wpcf7 no-js\" id=\"wpcf7-f333-o1\" lang=\"sk-SK\" dir=\"ltr\" data-wpcf7-id=\"333\">\n<div class=\"screen-reader-response\"><p role=\"status\" aria-live=\"polite\" aria-atomic=\"true\"><\/p> <ul><\/ul><\/div>\n<form action=\"\/en\/wp-json\/wp\/v2\/pages\/334#wpcf7-f333-o1\" method=\"post\" class=\"wpcf7-form init\" aria-label=\"Kontaktn\u00fd formul\u00e1r\" novalidate=\"novalidate\" data-status=\"init\">\n<div style=\"display: none;\">\n<input type=\"hidden\" name=\"_wpcf7\" value=\"333\" \/>\n<input type=\"hidden\" name=\"_wpcf7_version\" value=\"6.0.6\" \/>\n<input type=\"hidden\" name=\"_wpcf7_locale\" value=\"sk_SK\" \/>\n<input type=\"hidden\" name=\"_wpcf7_unit_tag\" value=\"wpcf7-f333-o1\" \/>\n<input type=\"hidden\" name=\"_wpcf7_container_post\" value=\"0\" \/>\n<input type=\"hidden\" name=\"_wpcf7_posted_data_hash\" value=\"\" \/>\n<\/div>\n<p><label> [text* your-name placeholder \"Your Name (required)\" akismet:author] <\/label>\n<\/p>\n<p><label> [email* your-email placeholder \"Your E-mail (required)\" akismet:author_email] <\/label>\n<\/p>\n<p><label> <span class=\"wpcf7-form-control-wrap\" data-name=\"your-subject\"><input size=\"40\" maxlength=\"400\" class=\"wpcf7-form-control wpcf7-text\" aria-invalid=\"false\" placeholder=\"Subject\" value=\"\" type=\"text\" name=\"your-subject\" \/><\/span> <\/label>\n<\/p>\n<p><label> <span class=\"wpcf7-form-control-wrap\" data-name=\"your-message\"><textarea cols=\"40\" rows=\"10\" maxlength=\"2000\" class=\"wpcf7-form-control wpcf7-textarea\" aria-invalid=\"false\" placeholder=\"Your Message\" name=\"your-message\"><\/textarea><\/span> <\/label>\n<\/p>\n<p><input class=\"wpcf7-form-control wpcf7-submit has-spinner\" type=\"submit\" value=\"Send\" \/>\n<\/p><p style=\"display: none !important;\" class=\"akismet-fields-container\" data-prefix=\"_wpcf7_ak_\"><label>&#916;<textarea name=\"_wpcf7_ak_hp_textarea\" cols=\"45\" rows=\"8\" maxlength=\"100\"><\/textarea><\/label><input type=\"hidden\" id=\"ak_js_1\" name=\"_wpcf7_ak_js\" value=\"93\"\/><script>document.getElementById( \"ak_js_1\" ).setAttribute( \"value\", ( new Date() ).getTime() );<\/script><\/p><div class=\"fusion-alert alert custom alert-custom fusion-alert-center wpcf7-response-output awb-alert-native-link-color alert-dismissable awb-alert-close-boxed\" style=\"--awb-border-top-left-radius:0px;--awb-border-top-right-radius:0px;--awb-border-bottom-left-radius:0px;--awb-border-bottom-right-radius:0px;\" role=\"alert\"><div class=\"fusion-alert-content-wrapper\"><span class=\"fusion-alert-content\"><\/span><\/div><button type=\"button\" class=\"close toggle-alert\" data-dismiss=\"alert\" aria-label=\"Close\">&times;<\/button><\/div>\n<\/form>\n<\/div>\n\n<\/div><div class=\"fusion-clearfix\"><\/div><\/div><\/div><div class=\"fusion-layout-column fusion_builder_column fusion-builder-column-2 fusion_builder_column_3_5 3_5 fusion-three-fifth fusion-column-last\" style=\"--awb-bg-size:cover;width:60%;width:calc(60% - ( ( 4% ) * 0.6 ) );\"><div class=\"fusion-column-wrapper fusion-flex-column-wrapper-legacy\"><div class=\"fusion-title title fusion-title-2 fusion-sep-none fusion-title-text fusion-title-size-two\"><h2 class=\"fusion-title-heading title-heading-left\" style=\"margin:0;\">CONTACT US<\/h2><\/div><div class=\"fusion-builder-row fusion-builder-row-inner fusion-row\"><div class=\"fusion-layout-column fusion_builder_column_inner fusion-builder-nested-column-0 fusion_builder_column_inner_1_2 1_2 fusion-one-half fusion-column-first\" style=\"--awb-bg-size:cover;width:50%;width:calc(50% - ( ( 4% ) * 0.5 ) );margin-right: 4%;\"><div class=\"fusion-column-wrapper fusion-flex-column-wrapper-legacy\"><div class=\"fusion-title title fusion-title-3 fusion-sep-none fusion-title-text fusion-title-size-four\" style=\"--awb-margin-bottom:20px;\"><h4 class=\"fusion-title-heading title-heading-left\" style=\"margin:0;\">COMPANY ADDRESS<\/h4><\/div><div class=\"fusion-text fusion-text-2\"><p><strong>VURAL, a. s.<\/strong><br \/>\nAlexandra Rudnaya 23<br \/>\n010 01 \u017dilina<br \/>\nSlovensk\u00e1 republika<\/p>\n<\/div><div class=\"fusion-clearfix\"><\/div><\/div><\/div><div class=\"fusion-layout-column fusion_builder_column_inner fusion-builder-nested-column-1 fusion_builder_column_inner_1_2 1_2 fusion-one-half fusion-column-last\" style=\"--awb-bg-size:cover;width:50%;width:calc(50% - ( ( 4% ) * 0.5 ) );\"><div class=\"fusion-column-wrapper fusion-flex-column-wrapper-legacy\"><div class=\"fusion-title title fusion-title-4 fusion-sep-none fusion-title-text fusion-title-size-four\" style=\"--awb-margin-bottom:20px;\"><h4 class=\"fusion-title-heading title-heading-left\" style=\"margin:0;\">IDENTIFICATION INFORMATION<\/h4><\/div><div class=\"fusion-text fusion-text-3\"><p><strong>I\u010cO:<\/strong>\u00a031 562 493<br \/>\n<strong>DR\u010c:<\/strong>\u00a0SK 2020 448 331<br \/>\n<strong>Spisov\u00e1 zna\u010dka:<\/strong>\u00a0Obchodn\u00fd register pri Okresnom s\u00fade \u017dilina, oddiel Sa, vlo\u017eka 94\/L<\/p>\n<\/div><div class=\"fusion-clearfix\"><\/div><\/div><\/div><\/div><div class=\"fusion-builder-row fusion-builder-row-inner fusion-row\"><div class=\"fusion-layout-column fusion_builder_column_inner fusion-builder-nested-column-2 fusion_builder_column_inner_1_2 1_2 fusion-one-half fusion-column-first\" style=\"--awb-bg-size:cover;width:50%;width:calc(50% - ( ( 4% ) * 0.5 ) );margin-right: 4%;\"><div class=\"fusion-column-wrapper fusion-flex-column-wrapper-legacy\"><div class=\"fusion-title title fusion-title-5 fusion-sep-none fusion-title-text fusion-title-size-four\" style=\"--awb-margin-bottom:20px;\"><h4 class=\"fusion-title-heading title-heading-left\" style=\"margin:0;\">SHEET METAL AND PLASTIC COMPONENTS<\/h4><\/div><div class=\"fusion-text fusion-text-4\"><p><strong>VURAL, a. s.<\/strong><br \/>\nHrabov\u00e9 66<br \/>\n014 01 Byt\u010da<br \/>\nSlovensk\u00e1 republika<\/p>\n<\/div><div class=\"fusion-clearfix\"><\/div><\/div><\/div><div class=\"fusion-layout-column fusion_builder_column_inner fusion-builder-nested-column-3 fusion_builder_column_inner_1_2 1_2 fusion-one-half fusion-column-last\" style=\"--awb-bg-size:cover;width:50%;width:calc(50% - ( ( 4% ) * 0.5 ) );\"><div class=\"fusion-column-wrapper fusion-flex-column-wrapper-legacy\"><div class=\"fusion-title title fusion-title-6 fusion-sep-none fusion-title-text fusion-title-size-four\" style=\"--awb-margin-bottom:20px;\"><h4 class=\"fusion-title-heading title-heading-left\" style=\"margin:0;\">MACHINES, EQUIPMENT, TOOLS<\/h4><\/div><div class=\"fusion-text fusion-text-5\"><p><strong>VURAL, a. s.<\/strong><br \/>\n\u0160trkov\u00e1 ulica 40\/ 532<br \/>\n010 01 \u017dilina<br \/>\nSlovensk\u00e1 republika<\/p>\n<\/div><div class=\"fusion-clearfix\"><\/div><\/div><\/div><\/div><div class=\"fusion-clearfix\"><\/div><\/div><\/div><\/div><\/div><div class=\"fusion-fullwidth fullwidth-box fusion-builder-row-3 nonhundred-percent-fullwidth non-hundred-percent-height-scrolling\" style=\"--awb-border-radius-top-left:0px;--awb-border-radius-top-right:0px;--awb-border-radius-bottom-right:0px;--awb-border-radius-bottom-left:0px;--awb-flex-wrap:wrap;\" ><div class=\"fusion-builder-row fusion-row\"><div class=\"fusion-layout-column fusion_builder_column fusion-builder-column-3 fusion_builder_column_1_1 1_1 fusion-one-full fusion-column-first fusion-column-last\" style=\"--awb-bg-size:cover;\"><div class=\"fusion-column-wrapper fusion-flex-column-wrapper-legacy\"><div class=\"fusion-sep-clear\"><\/div><div class=\"fusion-separator fusion-full-width-sep\" style=\"margin-left: auto;margin-right: auto;margin-top:10px;margin-bottom:30px;width:100%;\"><div class=\"fusion-separator-border sep-single sep-solid\" style=\"--awb-height:20px;--awb-amount:20px;border-color:#e0dede;border-top-width:1px;\"><\/div><\/div><div class=\"fusion-sep-clear\"><\/div><div class=\"fusion-title title fusion-title-7 fusion-sep-none fusion-title-text fusion-title-size-two\"><h2 class=\"fusion-title-heading title-heading-left\" style=\"margin:0;\">ADMINISTRATION<\/h2><\/div><div class=\"fusion-text fusion-text-6\"><div class=\"table-2\">\n<table width=\"100%\">\n<thead>\n<tr>\n<th scope=\"col\" width=\"20%\">Function<\/th>\n<th scope=\"col\" width=\"20%\">Telephone \/ Mobil<\/th>\n<th scope=\"col\" width=\"20%\">Fax<\/th>\n<th scope=\"col\" width=\"20%\">Email<\/th>\n<th scope=\"col\" width=\"20%\">Language<\/th>\n<\/tr>\n<\/thead>\n<tbody>\n<tr>\n<td width=\"20%\">CEO<\/td>\n<td width=\"20%\">+421 417 235 638<br \/>\n+421\u00a0903 533 985<\/td>\n<td width=\"20%\">+421\u00a0417 235 643<\/td>\n<td width=\"20%\"><span id=\"cloak96099\"><a href=\"mailto:jziacik@vural.sk\">jziacik@vural.sk<\/a><\/span><\/td>\n<td width=\"20%\">SK, English<\/td>\n<\/tr>\n<tr>\n<td width=\"20%\">Personnel department<\/td>\n<td>+421 903 757 170<\/td>\n<td width=\"20%\"><\/td>\n<td width=\"20%\"><span id=\"cloak44893\"><a href=\"mailto:personalne@vural.sk\">personalne@vural.sk<\/a><\/span><\/td>\n<td width=\"20%\">SK, English<\/td>\n<\/tr>\n<\/tbody>\n<\/table>\n<\/div>\n<\/div><div class=\"fusion-title title fusion-title-8 fusion-sep-none fusion-title-text fusion-title-size-two\" style=\"--awb-margin-top:40px;\"><h2 class=\"fusion-title-heading title-heading-left\" style=\"margin:0;\">SHEET METAL AND PLASTIC COMPONENTS<\/h2><\/div><div class=\"fusion-text fusion-text-7\"><div class=\"table-2\">\n<table width=\"100%\">\n<thead>\n<tr>\n<th scope=\"col\" width=\"20%\">Function<\/th>\n<th scope=\"col\" width=\"20%\">Telephone \/ Mobil<\/th>\n<th scope=\"col\" width=\"20%\">Fax<\/th>\n<th scope=\"col\" width=\"20%\">Email<\/th>\n<th scope=\"col\" width=\"20%\">Language<\/th>\n<\/tr>\n<\/thead>\n<tbody>\n<tr>\n<td width=\"20%\">Division Director<\/td>\n<td width=\"20%\">+421 415 522 039<br \/>\n+421 903 663 006<\/td>\n<td width=\"20%\">+421 415 522 039<\/td>\n<td width=\"20%\"><span id=\"cloak80845\"><a href=\"mailto:jkoren@vural.sk\">jkoren@vural.sk<\/a><\/span><\/td>\n<td width=\"20%\">SK<\/td>\n<\/tr>\n<tr>\n<td width=\"20%\">Business and Technical Director<\/td>\n<td width=\"20%\">+421 415 521 156<br \/>\n+421 902 468 705<\/td>\n<td width=\"20%\">+421 415 522 039<\/td>\n<td width=\"20%\"><span id=\"cloak99443\"><a href=\"mailto:jsoska@vural.sk\">jsoska@vural.sk<\/a><\/span><\/td>\n<td width=\"20%\">SK, English<\/td>\n<\/tr>\n<\/tbody>\n<\/table>\n<\/div>\n<\/div><div class=\"fusion-title title fusion-title-9 fusion-sep-none fusion-title-text fusion-title-size-two\" style=\"--awb-margin-top:40px;\"><h2 class=\"fusion-title-heading title-heading-left\" style=\"margin:0;\">MACHINES, EQUIPMENT, TOOLS<\/h2><\/div><div class=\"fusion-text fusion-text-8\"><div class=\"table-2\">\n<table width=\"100%\">\n<thead>\n<tr>\n<th scope=\"col\" width=\"20%\">Function<\/th>\n<th scope=\"col\" width=\"20%\">Telephone \/ Mobil<\/th>\n<th scope=\"col\" width=\"20%\">Fax<\/th>\n<th scope=\"col\" width=\"20%\">Email<\/th>\n<th scope=\"col\" width=\"20%\">Language<\/th>\n<\/tr>\n<\/thead>\n<tbody>\n<tr>\n<td width=\"20%\">Division Director<\/td>\n<td width=\"20%\">+421 417 645 912<br \/>\n+421 903 558 011<\/td>\n<td width=\"20%\">+421 417 645 912<\/td>\n<td width=\"20%\"><span id=\"cloak73150\"><a href=\"mailto:bbenke@vural.sk\">bbenke@vural.sk<\/a><\/span><\/td>\n<td width=\"20%\">SK, Deutsch<\/td>\n<\/tr>\n<tr>\n<td width=\"20%\">Construction and Technical Preparation of Production Leader<\/td>\n<td width=\"20%\">+421 903 464 352<\/td>\n<td width=\"20%\">+421 417 645 912<\/td>\n<td width=\"20%\"><span id=\"cloak85139\"><a href=\"mailto:mkubasak@vural.sk\">mkubasak@vural.sk<\/a><\/span><\/td>\n<td width=\"20%\">SK, English<\/td>\n<\/tr>\n<\/tbody>\n<\/table>\n<\/div>\n<\/div><div class=\"fusion-clearfix\"><\/div><\/div><\/div><\/div><\/div><\/p>\n","protected":false},"excerpt":{"rendered":"","protected":false},"author":1,"featured_media":0,"parent":0,"menu_order":0,"comment_status":"closed","ping_status":"closed","template":"100-width.php","meta":{"footnotes":""},"class_list":["post-334","page","type-page","status-publish","hentry"],"yoast_head":"<!-- This site is optimized with the Yoast SEO plugin v25.2 - https:\/\/yoast.com\/wordpress\/plugins\/seo\/ -->\n<title>Contacts - Vural<\/title>\n<meta name=\"robots\" content=\"index, follow, max-snippet:-1, max-image-preview:large, max-video-preview:-1\" \/>\n<link rel=\"canonical\" href=\"https:\/\/www.vural.sk\/en\/contacts\/\" \/>\n<meta property=\"og:locale\" content=\"en_US\" \/>\n<meta property=\"og:type\" content=\"article\" \/>\n<meta property=\"og:title\" content=\"Contacts - Vural\" \/>\n<meta property=\"og:url\" content=\"https:\/\/www.vural.sk\/en\/contacts\/\" \/>\n<meta property=\"og:site_name\" content=\"Vural\" \/>\n<meta property=\"article:modified_time\" content=\"2019-11-19T16:48:26+00:00\" \/>\n<meta name=\"twitter:card\" content=\"summary_large_image\" \/>\n<meta name=\"twitter:label1\" content=\"Est. reading time\" \/>\n\t<meta name=\"twitter:data1\" content=\"7 minutes\" \/>\n<!-- \/ Yoast SEO plugin. -->","yoast_head_json":{"title":"Contacts - Vural","robots":{"index":"index","follow":"follow","max-snippet":"max-snippet:-1","max-image-preview":"max-image-preview:large","max-video-preview":"max-video-preview:-1"},"canonical":"https:\/\/www.vural.sk\/en\/contacts\/","og_locale":"en_US","og_type":"article","og_title":"Contacts - Vural","og_url":"https:\/\/www.vural.sk\/en\/contacts\/","og_site_name":"Vural","article_modified_time":"2019-11-19T16:48:26+00:00","twitter_card":"summary_large_image","twitter_misc":{"Est. reading time":"7 minutes"},"schema":{"@context":"https:\/\/schema.org","@graph":[{"@type":"WebPage","@id":"https:\/\/www.vural.sk\/en\/contacts\/","url":"https:\/\/www.vural.sk\/en\/contacts\/","name":"Contacts - Vural","isPartOf":{"@id":"https:\/\/www.vural.sk\/#website"},"datePublished":"2018-04-19T19:57:22+00:00","dateModified":"2019-11-19T16:48:26+00:00","breadcrumb":{"@id":"https:\/\/www.vural.sk\/en\/contacts\/#breadcrumb"},"inLanguage":"en-US","potentialAction":[{"@type":"ReadAction","target":["https:\/\/www.vural.sk\/en\/contacts\/"]}]},{"@type":"BreadcrumbList","@id":"https:\/\/www.vural.sk\/en\/contacts\/#breadcrumb","itemListElement":[{"@type":"ListItem","position":1,"name":"Home","item":"https:\/\/www.vural.sk\/en\/"},{"@type":"ListItem","position":2,"name":"Contacts"}]},{"@type":"WebSite","@id":"https:\/\/www.vural.sk\/#website","url":"https:\/\/www.vural.sk\/","name":"Vural","description":"Komponenty z plechu a plastu &amp; stroje a zariadenia, \u0161peci\u00e1lne n\u00e1radie - v\u00fdvoj, kon\u0161trukcia a v\u00fdroba | VURAL","potentialAction":[{"@type":"SearchAction","target":{"@type":"EntryPoint","urlTemplate":"https:\/\/www.vural.sk\/?s={search_term_string}"},"query-input":{"@type":"PropertyValueSpecification","valueRequired":true,"valueName":"search_term_string"}}],"inLanguage":"en-US"}]}},"_links":{"self":[{"href":"https:\/\/www.vural.sk\/en\/wp-json\/wp\/v2\/pages\/334","targetHints":{"allow":["GET"]}}],"collection":[{"href":"https:\/\/www.vural.sk\/en\/wp-json\/wp\/v2\/pages"}],"about":[{"href":"https:\/\/www.vural.sk\/en\/wp-json\/wp\/v2\/types\/page"}],"author":[{"embeddable":true,"href":"https:\/\/www.vural.sk\/en\/wp-json\/wp\/v2\/users\/1"}],"replies":[{"embeddable":true,"href":"https:\/\/www.vural.sk\/en\/wp-json\/wp\/v2\/comments?post=334"}],"version-history":[{"count":7,"href":"https:\/\/www.vural.sk\/en\/wp-json\/wp\/v2\/pages\/334\/revisions"}],"predecessor-version":[{"id":551,"href":"https:\/\/www.vural.sk\/en\/wp-json\/wp\/v2\/pages\/334\/revisions\/551"}],"wp:attachment":[{"href":"https:\/\/www.vural.sk\/en\/wp-json\/wp\/v2\/media?parent=334"}],"curies":[{"name":"wp","href":"https:\/\/api.w.org\/{rel}","templated":true}]}}