{"id":320,"date":"2018-04-19T21:32:59","date_gmt":"2018-04-19T19:32:59","guid":{"rendered":"https:\/\/www.vural.sk\/?page_id=320"},"modified":"2018-05-18T20:00:15","modified_gmt":"2018-05-18T18:00:15","slug":"certificates","status":"publish","type":"page","link":"https:\/\/www.vural.sk\/en\/certificates\/","title":{"rendered":"Certificates"},"content":{"rendered":"<div class=\"fusion-fullwidth fullwidth-box fusion-builder-row-1 nonhundred-percent-fullwidth non-hundred-percent-height-scrolling\" style=\"--awb-border-radius-top-left:0px;--awb-border-radius-top-right:0px;--awb-border-radius-bottom-right:0px;--awb-border-radius-bottom-left:0px;--awb-flex-wrap:wrap;\" ><div class=\"fusion-builder-row fusion-row\"><div class=\"fusion-layout-column fusion_builder_column fusion-builder-column-0 fusion_builder_column_1_1 1_1 fusion-one-full fusion-column-first fusion-column-last\" style=\"--awb-bg-size:cover;\"><div class=\"fusion-column-wrapper fusion-flex-column-wrapper-legacy\"><div class=\"fusion-title title fusion-title-1 fusion-sep-none fusion-title-text fusion-title-size-two\" style=\"--awb-margin-bottom:15px;\"><h2 class=\"fusion-title-heading title-heading-left\" style=\"margin:0;\">CERTIFICATES<\/h2><\/div><div class=\"fusion-clearfix\"><\/div><\/div><\/div><div class=\"fusion-layout-column fusion_builder_column fusion-builder-column-1 fusion_builder_column_3_5 3_5 fusion-three-fifth fusion-column-first\" style=\"--awb-bg-size:cover;width:60%;width:calc(60% - ( ( 4% ) * 0.6 ) );margin-right: 4%;\"><div class=\"fusion-column-wrapper fusion-flex-column-wrapper-legacy\"><div class=\"fusion-text fusion-text-1\"><p>Product quality is a top priority of VURAL. VURAL has implemented a\u00a0<strong>quality control system according to the STN EN ISO 9001:2015 and ISO\/TS 16949 standards<\/strong>.<\/p>\n<p>In the year 2000 we acquired the\u00a0<strong>quality control certificate from the RWT\u0170V company in Essen<\/strong>\u00a0for sheet metal products and plastic products, and in 2001 for machines, equipment and special tools. In order to fully meet the customer requirements in the automotive industry, the quality control system was in 2001 installed according to the\u00a0<strong>VDA 6.1 requirements for the development, manufacture and supply of sheet metal and plastic products<\/strong>, and in 2008 according to the requirements of <span style=\"text-decoration: underline;\"><a href=\"\/wp-content\/uploads\/2018\/04\/iso.pdf\" target=\"_blank\" rel=\"noopener\">ISO\/TS 16949<\/a><\/span> for the development, manufacture and supply of sheet metal and plastic products.<\/p>\n<p>The company complies with all applicable environmental legislation obligations and cooperates with customers and suppliers in a continuous improvement with regards to the environment.<\/p>\n<\/div><div class=\"fusion-clearfix\"><\/div><\/div><\/div><div class=\"fusion-layout-column fusion_builder_column fusion-builder-column-2 fusion_builder_column_2_5 2_5 fusion-two-fifth fusion-column-last\" style=\"--awb-bg-size:cover;width:40%;width:calc(40% - ( ( 4% ) * 0.4 ) );\"><div class=\"fusion-column-wrapper fusion-flex-column-wrapper-legacy\"><div class=\"fusion-image-element fusion-image-align-center in-legacy-container\" style=\"text-align:center;--awb-caption-title-font-family:var(--h2_typography-font-family);--awb-caption-title-font-weight:var(--h2_typography-font-weight);--awb-caption-title-font-style:var(--h2_typography-font-style);--awb-caption-title-size:var(--h2_typography-font-size);--awb-caption-title-transform:var(--h2_typography-text-transform);--awb-caption-title-line-height:var(--h2_typography-line-height);--awb-caption-title-letter-spacing:var(--h2_typography-letter-spacing);\"><div class=\"imageframe-align-center\"><span class=\" fusion-imageframe imageframe-none imageframe-1 hover-type-none\"><img decoding=\"async\" width=\"320\" height=\"199\" title=\"quality_enviroment\" src=\"https:\/\/www.vural.sk\/wp-content\/uploads\/2018\/04\/quality_enviroment.jpg\" alt class=\"img-responsive wp-image-130\" srcset=\"https:\/\/www.vural.sk\/wp-content\/uploads\/2018\/04\/quality_enviroment-200x124.jpg 200w, https:\/\/www.vural.sk\/wp-content\/uploads\/2018\/04\/quality_enviroment.jpg 320w\" sizes=\"(max-width: 800px) 100vw, 320px\" \/><\/span><\/div><\/div><div class=\"fusion-clearfix\"><\/div><\/div><\/div><div class=\"fusion-layout-column fusion_builder_column fusion-builder-column-3 fusion_builder_column_1_1 1_1 fusion-one-full fusion-column-first fusion-column-last\" style=\"--awb-bg-size:cover;\"><div class=\"fusion-column-wrapper fusion-flex-column-wrapper-legacy\"><div class=\"fusion-sep-clear\"><\/div><div class=\"fusion-separator fusion-full-width-sep\" style=\"margin-left: auto;margin-right: auto;margin-top:20px;margin-bottom:40px;width:100%;\"><div class=\"fusion-separator-border sep-single sep-solid\" style=\"--awb-height:20px;--awb-amount:20px;border-color:#e0dede;border-top-width:1px;\"><\/div><\/div><div class=\"fusion-sep-clear\"><\/div><div class=\"fusion-title title fusion-title-2 fusion-sep-none fusion-title-text fusion-title-size-three\"><h3 class=\"fusion-title-heading title-heading-left\" style=\"margin:0;\">ACQUIRED CERTIFICATES:<\/h3><\/div><div class=\"awb-gallery-wrapper awb-gallery-wrapper-1 button-span-no\"><div style=\"margin:-15px;--awb-bordersize:0px;\" class=\"fusion-gallery fusion-gallery-container fusion-grid-5 fusion-columns-total-5 fusion-gallery-layout-grid fusion-gallery-1\"><div style=\"padding:15px;\" class=\"fusion-grid-column fusion-gallery-column fusion-gallery-column-5 hover-type-none\"><div class=\"fusion-gallery-image\"><a href=\"https:\/\/www.vural.sk\/wp-content\/uploads\/2018\/05\/44957ms_en00-page-001.jpg\" rel=\"noreferrer\" data-rel=\"iLightbox[gallery_image_1]\" class=\"fusion-lightbox\" target=\"_self\"><img decoding=\"async\" src=\"https:\/\/www.vural.sk\/wp-content\/uploads\/2018\/05\/44957ms_en00-page-001.jpg\" width=\"1242\" height=\"1756\" alt=\"\" title=\"44957ms_en00-page-001\" aria-label=\"44957ms_en00-page-001\" class=\"img-responsive wp-image-384\" srcset=\"https:\/\/www.vural.sk\/wp-content\/uploads\/2018\/05\/44957ms_en00-page-001-200x283.jpg 200w, https:\/\/www.vural.sk\/wp-content\/uploads\/2018\/05\/44957ms_en00-page-001-400x566.jpg 400w, https:\/\/www.vural.sk\/wp-content\/uploads\/2018\/05\/44957ms_en00-page-001-600x848.jpg 600w, https:\/\/www.vural.sk\/wp-content\/uploads\/2018\/05\/44957ms_en00-page-001-800x1131.jpg 800w, https:\/\/www.vural.sk\/wp-content\/uploads\/2018\/05\/44957ms_en00-page-001-1200x1697.jpg 1200w, https:\/\/www.vural.sk\/wp-content\/uploads\/2018\/05\/44957ms_en00-page-001.jpg 1242w\" sizes=\"(min-width: 2200px) 100vw, (min-width: 928px) 208px, (min-width: 856px) 260px, (min-width: 784px) 347px, (min-width: 712px) 520px, (min-width: 640px) 712px, \" \/><\/a><\/div><\/div><div style=\"padding:15px;\" class=\"fusion-grid-column fusion-gallery-column fusion-gallery-column-5 hover-type-none\"><div class=\"fusion-gallery-image\"><a href=\"https:\/\/www.vural.sk\/wp-content\/uploads\/2018\/05\/44957ms_en00-page-002.jpg\" rel=\"noreferrer\" data-rel=\"iLightbox[gallery_image_1]\" class=\"fusion-lightbox\" target=\"_self\"><img decoding=\"async\" src=\"https:\/\/www.vural.sk\/wp-content\/uploads\/2018\/05\/44957ms_en00-page-002.jpg\" width=\"1242\" height=\"1756\" alt=\"\" title=\"44957ms_en00-page-002\" aria-label=\"44957ms_en00-page-002\" class=\"img-responsive wp-image-385\" srcset=\"https:\/\/www.vural.sk\/wp-content\/uploads\/2018\/05\/44957ms_en00-page-002-200x283.jpg 200w, https:\/\/www.vural.sk\/wp-content\/uploads\/2018\/05\/44957ms_en00-page-002-400x566.jpg 400w, https:\/\/www.vural.sk\/wp-content\/uploads\/2018\/05\/44957ms_en00-page-002-600x848.jpg 600w, https:\/\/www.vural.sk\/wp-content\/uploads\/2018\/05\/44957ms_en00-page-002-800x1131.jpg 800w, https:\/\/www.vural.sk\/wp-content\/uploads\/2018\/05\/44957ms_en00-page-002-1200x1697.jpg 1200w, https:\/\/www.vural.sk\/wp-content\/uploads\/2018\/05\/44957ms_en00-page-002.jpg 1242w\" sizes=\"(min-width: 2200px) 100vw, (min-width: 928px) 208px, (min-width: 856px) 260px, (min-width: 784px) 347px, (min-width: 712px) 520px, (min-width: 640px) 712px, \" \/><\/a><\/div><\/div><div style=\"padding:15px;\" class=\"fusion-grid-column fusion-gallery-column fusion-gallery-column-5 hover-type-none\"><div class=\"fusion-gallery-image\"><a href=\"https:\/\/www.vural.sk\/wp-content\/uploads\/2018\/05\/44957msIATF_en-page-001.jpg\" rel=\"noreferrer\" data-rel=\"iLightbox[gallery_image_1]\" class=\"fusion-lightbox\" target=\"_self\"><img decoding=\"async\" src=\"https:\/\/www.vural.sk\/wp-content\/uploads\/2018\/05\/44957msIATF_en-page-001.jpg\" width=\"1242\" height=\"1756\" alt=\"\" title=\"44957msIATF_en-page-001\" aria-label=\"44957msIATF_en-page-001\" class=\"img-responsive wp-image-386\" srcset=\"https:\/\/www.vural.sk\/wp-content\/uploads\/2018\/05\/44957msIATF_en-page-001-200x283.jpg 200w, https:\/\/www.vural.sk\/wp-content\/uploads\/2018\/05\/44957msIATF_en-page-001-400x566.jpg 400w, https:\/\/www.vural.sk\/wp-content\/uploads\/2018\/05\/44957msIATF_en-page-001-600x848.jpg 600w, https:\/\/www.vural.sk\/wp-content\/uploads\/2018\/05\/44957msIATF_en-page-001-800x1131.jpg 800w, https:\/\/www.vural.sk\/wp-content\/uploads\/2018\/05\/44957msIATF_en-page-001-1200x1697.jpg 1200w, https:\/\/www.vural.sk\/wp-content\/uploads\/2018\/05\/44957msIATF_en-page-001.jpg 1242w\" sizes=\"(min-width: 2200px) 100vw, (min-width: 928px) 208px, (min-width: 856px) 260px, (min-width: 784px) 347px, (min-width: 712px) 520px, (min-width: 640px) 712px, \" \/><\/a><\/div><\/div><div style=\"padding:15px;\" class=\"fusion-grid-column fusion-gallery-column fusion-gallery-column-5 hover-type-none\"><div class=\"fusion-gallery-image\"><a href=\"https:\/\/www.vural.sk\/wp-content\/uploads\/2018\/05\/44957msIATF_en-page-002.jpg\" rel=\"noreferrer\" data-rel=\"iLightbox[gallery_image_1]\" class=\"fusion-lightbox\" target=\"_self\"><img decoding=\"async\" src=\"https:\/\/www.vural.sk\/wp-content\/uploads\/2018\/05\/44957msIATF_en-page-002.jpg\" width=\"1242\" height=\"1756\" alt=\"\" title=\"44957msIATF_en-page-002\" aria-label=\"44957msIATF_en-page-002\" class=\"img-responsive wp-image-387\" srcset=\"https:\/\/www.vural.sk\/wp-content\/uploads\/2018\/05\/44957msIATF_en-page-002-200x283.jpg 200w, https:\/\/www.vural.sk\/wp-content\/uploads\/2018\/05\/44957msIATF_en-page-002-400x566.jpg 400w, https:\/\/www.vural.sk\/wp-content\/uploads\/2018\/05\/44957msIATF_en-page-002-600x848.jpg 600w, https:\/\/www.vural.sk\/wp-content\/uploads\/2018\/05\/44957msIATF_en-page-002-800x1131.jpg 800w, https:\/\/www.vural.sk\/wp-content\/uploads\/2018\/05\/44957msIATF_en-page-002-1200x1697.jpg 1200w, https:\/\/www.vural.sk\/wp-content\/uploads\/2018\/05\/44957msIATF_en-page-002.jpg 1242w\" sizes=\"(min-width: 2200px) 100vw, (min-width: 928px) 208px, (min-width: 856px) 260px, (min-width: 784px) 347px, (min-width: 712px) 520px, (min-width: 640px) 712px, \" \/><\/a><\/div><\/div><div style=\"padding:15px;\" class=\"fusion-grid-column fusion-gallery-column fusion-gallery-column-5 hover-type-none\"><div class=\"fusion-gallery-image\"><a href=\"https:\/\/www.vural.sk\/wp-content\/uploads\/2018\/04\/sony_certificate_of_green_partner-1.jpg\" rel=\"noreferrer\" data-rel=\"iLightbox[gallery_image_1]\" class=\"fusion-lightbox\" target=\"_self\"><img decoding=\"async\" src=\"https:\/\/www.vural.sk\/wp-content\/uploads\/2018\/04\/sony_certificate_of_green_partner-1.jpg\" width=\"568\" height=\"549\" alt=\"\" title=\"sony_certificate_of_green_partner\" aria-label=\"sony_certificate_of_green_partner\" class=\"img-responsive wp-image-327\" srcset=\"https:\/\/www.vural.sk\/wp-content\/uploads\/2018\/04\/sony_certificate_of_green_partner-1-200x193.jpg 200w, https:\/\/www.vural.sk\/wp-content\/uploads\/2018\/04\/sony_certificate_of_green_partner-1-400x387.jpg 400w, https:\/\/www.vural.sk\/wp-content\/uploads\/2018\/04\/sony_certificate_of_green_partner-1.jpg 568w\" sizes=\"(min-width: 2200px) 100vw, (min-width: 928px) 208px, (min-width: 856px) 260px, (min-width: 784px) 347px, (min-width: 712px) 520px, (min-width: 640px) 712px, \" \/><\/a><\/div><\/div><div class=\"clearfix\"><\/div><\/div><\/div><div class=\"fusion-clearfix\"><\/div><\/div><\/div><\/div><\/div>\n","protected":false},"excerpt":{"rendered":"","protected":false},"author":1,"featured_media":0,"parent":0,"menu_order":0,"comment_status":"closed","ping_status":"closed","template":"","meta":{"footnotes":""},"class_list":["post-320","page","type-page","status-publish","hentry"],"yoast_head":"<!-- This site is optimized with the Yoast SEO plugin v25.2 - https:\/\/yoast.com\/wordpress\/plugins\/seo\/ -->\n<title>Certificates - Vural<\/title>\n<meta name=\"robots\" content=\"index, follow, max-snippet:-1, max-image-preview:large, max-video-preview:-1\" \/>\n<link rel=\"canonical\" href=\"https:\/\/www.vural.sk\/en\/certificates\/\" \/>\n<meta property=\"og:locale\" content=\"en_US\" \/>\n<meta property=\"og:type\" content=\"article\" \/>\n<meta property=\"og:title\" content=\"Certificates - Vural\" \/>\n<meta property=\"og:url\" content=\"https:\/\/www.vural.sk\/en\/certificates\/\" \/>\n<meta property=\"og:site_name\" content=\"Vural\" \/>\n<meta property=\"article:modified_time\" content=\"2018-05-18T18:00:15+00:00\" \/>\n<meta name=\"twitter:card\" content=\"summary_large_image\" \/>\n<meta name=\"twitter:label1\" content=\"Est. reading time\" \/>\n\t<meta name=\"twitter:data1\" content=\"3 minutes\" \/>\n<!-- \/ Yoast SEO plugin. -->","yoast_head_json":{"title":"Certificates - Vural","robots":{"index":"index","follow":"follow","max-snippet":"max-snippet:-1","max-image-preview":"max-image-preview:large","max-video-preview":"max-video-preview:-1"},"canonical":"https:\/\/www.vural.sk\/en\/certificates\/","og_locale":"en_US","og_type":"article","og_title":"Certificates - Vural","og_url":"https:\/\/www.vural.sk\/en\/certificates\/","og_site_name":"Vural","article_modified_time":"2018-05-18T18:00:15+00:00","twitter_card":"summary_large_image","twitter_misc":{"Est. reading time":"3 minutes"},"schema":{"@context":"https:\/\/schema.org","@graph":[{"@type":"WebPage","@id":"https:\/\/www.vural.sk\/en\/certificates\/","url":"https:\/\/www.vural.sk\/en\/certificates\/","name":"Certificates - Vural","isPartOf":{"@id":"https:\/\/www.vural.sk\/#website"},"datePublished":"2018-04-19T19:32:59+00:00","dateModified":"2018-05-18T18:00:15+00:00","breadcrumb":{"@id":"https:\/\/www.vural.sk\/en\/certificates\/#breadcrumb"},"inLanguage":"en-US","potentialAction":[{"@type":"ReadAction","target":["https:\/\/www.vural.sk\/en\/certificates\/"]}]},{"@type":"BreadcrumbList","@id":"https:\/\/www.vural.sk\/en\/certificates\/#breadcrumb","itemListElement":[{"@type":"ListItem","position":1,"name":"Home","item":"https:\/\/www.vural.sk\/en\/"},{"@type":"ListItem","position":2,"name":"Certificates"}]},{"@type":"WebSite","@id":"https:\/\/www.vural.sk\/#website","url":"https:\/\/www.vural.sk\/","name":"Vural","description":"Komponenty z plechu a plastu &amp; stroje a zariadenia, \u0161peci\u00e1lne n\u00e1radie - v\u00fdvoj, kon\u0161trukcia a v\u00fdroba | VURAL","potentialAction":[{"@type":"SearchAction","target":{"@type":"EntryPoint","urlTemplate":"https:\/\/www.vural.sk\/?s={search_term_string}"},"query-input":{"@type":"PropertyValueSpecification","valueRequired":true,"valueName":"search_term_string"}}],"inLanguage":"en-US"}]}},"_links":{"self":[{"href":"https:\/\/www.vural.sk\/en\/wp-json\/wp\/v2\/pages\/320","targetHints":{"allow":["GET"]}}],"collection":[{"href":"https:\/\/www.vural.sk\/en\/wp-json\/wp\/v2\/pages"}],"about":[{"href":"https:\/\/www.vural.sk\/en\/wp-json\/wp\/v2\/types\/page"}],"author":[{"embeddable":true,"href":"https:\/\/www.vural.sk\/en\/wp-json\/wp\/v2\/users\/1"}],"replies":[{"embeddable":true,"href":"https:\/\/www.vural.sk\/en\/wp-json\/wp\/v2\/comments?post=320"}],"version-history":[{"count":4,"href":"https:\/\/www.vural.sk\/en\/wp-json\/wp\/v2\/pages\/320\/revisions"}],"predecessor-version":[{"id":388,"href":"https:\/\/www.vural.sk\/en\/wp-json\/wp\/v2\/pages\/320\/revisions\/388"}],"wp:attachment":[{"href":"https:\/\/www.vural.sk\/en\/wp-json\/wp\/v2\/media?parent=320"}],"curies":[{"name":"wp","href":"https:\/\/api.w.org\/{rel}","templated":true}]}}